{"id":2366,"date":"2020-02-05T16:52:50","date_gmt":"2020-02-05T14:52:50","guid":{"rendered":"https:\/\/anastasiahanioti.com\/ziel\/beyond-bar-in-hanioti\/"},"modified":"2020-02-05T16:59:07","modified_gmt":"2020-02-05T14:59:07","slug":"beyond-bar-in-hanioti","status":"publish","type":"page","link":"https:\/\/anastasiahanioti.com\/de\/ziel\/beyond-bar-in-hanioti\/","title":{"rendered":"Beyond Bar in Hanioti"},"content":{"rendered":"\t\t<div data-elementor-type=\"wp-page\" data-elementor-id=\"2366\" class=\"elementor elementor-2366 elementor-1142\" data-elementor-post-type=\"page\">\n\t\t\t\t\t\t<section class=\"elementor-section elementor-top-section elementor-element elementor-element-e3ca778 elementor-section-boxed elementor-section-height-default elementor-section-height-default\" data-id=\"e3ca778\" data-element_type=\"section\">\n\t\t\t\t\t\t<div class=\"elementor-container elementor-column-gap-default\">\n\t\t\t\t\t<div class=\"elementor-column elementor-col-100 elementor-top-column elementor-element elementor-element-f5fd5f3\" data-id=\"f5fd5f3\" data-element_type=\"column\">\n\t\t\t<div class=\"elementor-widget-wrap elementor-element-populated\">\n\t\t\t\t\t\t<div class=\"elementor-element elementor-element-1108080 elementor-widget elementor-widget-heading\" data-id=\"1108080\" data-element_type=\"widget\" data-widget_type=\"heading.default\">\n\t\t\t\t<div class=\"elementor-widget-container\">\n\t\t\t\t\t<h1 class=\"elementor-heading-title elementor-size-default\">Beyond Imagination Bar in Hanioti<\/h1>\t\t\t\t<\/div>\n\t\t\t\t<\/div>\n\t\t\t\t\t<\/div>\n\t\t<\/div>\n\t\t\t\t\t<\/div>\n\t\t<\/section>\n\t\t\t\t<section class=\"elementor-section elementor-top-section elementor-element elementor-element-edf4a2e elementor-section-boxed elementor-section-height-default elementor-section-height-default\" data-id=\"edf4a2e\" data-element_type=\"section\">\n\t\t\t\t\t\t<div class=\"elementor-container elementor-column-gap-default\">\n\t\t\t\t\t<div class=\"elementor-column elementor-col-50 elementor-top-column elementor-element elementor-element-1c270d1\" data-id=\"1c270d1\" data-element_type=\"column\">\n\t\t\t<div class=\"elementor-widget-wrap elementor-element-populated\">\n\t\t\t\t\t\t<div class=\"elementor-element elementor-element-1bb65dd elementor-invisible elementor-widget elementor-widget-image\" data-id=\"1bb65dd\" data-element_type=\"widget\" data-settings=\"{&quot;_animation&quot;:&quot;fadeInLeft&quot;}\" data-widget_type=\"image.default\">\n\t\t\t\t<div class=\"elementor-widget-container\">\n\t\t\t\t\t\t\t\t\t\t\t\t\t\t\t<img fetchpriority=\"high\" decoding=\"async\" width=\"300\" height=\"212\" src=\"https:\/\/anastasiahanioti.com\/wp-content\/uploads\/sites\/12\/2020\/01\/Beyond-LOGO-300x212.png\" class=\"attachment-medium size-medium wp-image-1876\" alt=\"\" srcset=\"https:\/\/anastasiahanioti.com\/wp-content\/uploads\/sites\/12\/2020\/01\/Beyond-LOGO-300x212.png 300w, https:\/\/anastasiahanioti.com\/wp-content\/uploads\/sites\/12\/2020\/01\/Beyond-LOGO.png 600w\" sizes=\"(max-width: 300px) 100vw, 300px\" \/>\t\t\t\t\t\t\t\t\t\t\t\t\t\t\t<\/div>\n\t\t\t\t<\/div>\n\t\t\t\t\t<\/div>\n\t\t<\/div>\n\t\t\t\t<div class=\"elementor-column elementor-col-50 elementor-top-column elementor-element elementor-element-819f930\" data-id=\"819f930\" data-element_type=\"column\">\n\t\t\t<div class=\"elementor-widget-wrap elementor-element-populated\">\n\t\t\t\t\t\t<div class=\"elementor-element elementor-element-dc19622 elementor-widget elementor-widget-video\" data-id=\"dc19622\" data-element_type=\"widget\" data-settings=\"{&quot;youtube_url&quot;:&quot;https:\\\/\\\/www.youtube.com\\\/watch?v=uBs0d-7RR7Q&quot;,&quot;autoplay&quot;:&quot;yes&quot;,&quot;video_type&quot;:&quot;youtube&quot;,&quot;controls&quot;:&quot;yes&quot;}\" data-widget_type=\"video.default\">\n\t\t\t\t<div class=\"elementor-widget-container\">\n\t\t\t\t\t\t\t<div class=\"elementor-wrapper elementor-open-inline\">\n\t\t\t<div class=\"elementor-video\"><\/div>\t\t<\/div>\n\t\t\t\t\t\t<\/div>\n\t\t\t\t<\/div>\n\t\t\t\t\t<\/div>\n\t\t<\/div>\n\t\t\t\t\t<\/div>\n\t\t<\/section>\n\t\t\t\t<section class=\"elementor-section elementor-top-section elementor-element elementor-element-15a94e3 elementor-section-boxed elementor-section-height-default elementor-section-height-default\" data-id=\"15a94e3\" data-element_type=\"section\">\n\t\t\t\t\t\t<div class=\"elementor-container elementor-column-gap-default\">\n\t\t\t\t\t<div class=\"elementor-column elementor-col-50 elementor-top-column elementor-element elementor-element-0131f37\" data-id=\"0131f37\" data-element_type=\"column\">\n\t\t\t<div class=\"elementor-widget-wrap elementor-element-populated\">\n\t\t\t\t\t\t<div class=\"elementor-element elementor-element-5da1452 elementor-widget elementor-widget-text-editor\" data-id=\"5da1452\" data-element_type=\"widget\" data-widget_type=\"text-editor.default\">\n\t\t\t\t<div class=\"elementor-widget-container\">\n\t\t\t\t\t\t\t\t\t<p>Auf der ersten Etappe der Chalkidiki in der Gegend von Hanioti, in der Hauptfu\u00dfg\u00e4ngerzone des Dorfes, befindet sich die Beyond Cocktail Bar. Die Beyond Bar bietet gute Musik und ein gutes Nachtleben.<\/p>\n<p>Erfrischende Mojitos sind das Markenzeichen der Bar, aber es ist nicht der einzige Cocktail, den man probieren sollte!<\/p>\n<p>New Age Design und tadelloser Service sind unvorstellbar und werden Sie rundum zufrieden stellen.<\/p>\n<p>&#8222;Beyond Bar&#8220; mit Musik f\u00fcr jeden Geschmack h\u00e4lt den Spa\u00df bis sp\u00e4t in die Nacht.<\/p>\n<p>Die Preise f\u00fcr Getr\u00e4nke, Cocktails und Shots werden Sie \u00fcberraschen!<\/p>\n\t\t\t\t\t\t\t\t<\/div>\n\t\t\t\t<\/div>\n\t\t\t\t\t<\/div>\n\t\t<\/div>\n\t\t\t\t<div class=\"elementor-column elementor-col-50 elementor-top-column elementor-element elementor-element-9661690\" data-id=\"9661690\" data-element_type=\"column\">\n\t\t\t<div class=\"elementor-widget-wrap elementor-element-populated\">\n\t\t\t\t\t\t<div class=\"elementor-element elementor-element-8c5f21c elementor-widget elementor-widget-google_maps\" data-id=\"8c5f21c\" data-element_type=\"widget\" data-widget_type=\"google_maps.default\">\n\t\t\t\t<div class=\"elementor-widget-container\">\n\t\t\t\t\t\t\t<div class=\"elementor-custom-embed\">\n\t\t\t<iframe loading=\"lazy\"\n\t\t\t\t\tsrc=\"https:\/\/maps.google.com\/maps?q=Beyond%20bar%20Hanioti&#038;t=m&#038;z=16&#038;output=embed&#038;iwloc=near\"\n\t\t\t\t\ttitle=\"Beyond bar Hanioti\"\n\t\t\t\t\taria-label=\"Beyond bar Hanioti\"\n\t\t\t><\/iframe>\n\t\t<\/div>\n\t\t\t\t\t\t<\/div>\n\t\t\t\t<\/div>\n\t\t\t\t\t<\/div>\n\t\t<\/div>\n\t\t\t\t\t<\/div>\n\t\t<\/section>\n\t\t\t\t<section class=\"elementor-section elementor-top-section elementor-element elementor-element-fce7a02 elementor-section-boxed elementor-section-height-default elementor-section-height-default\" data-id=\"fce7a02\" data-element_type=\"section\">\n\t\t\t\t\t\t<div class=\"elementor-container elementor-column-gap-default\">\n\t\t\t\t\t<div class=\"elementor-column elementor-col-100 elementor-top-column elementor-element elementor-element-8fc1b45\" data-id=\"8fc1b45\" data-element_type=\"column\">\n\t\t\t<div class=\"elementor-widget-wrap elementor-element-populated\">\n\t\t\t\t\t\t<div class=\"elementor-element elementor-element-8ae7113 elementor-widget elementor-widget-gallery\" data-id=\"8ae7113\" data-element_type=\"widget\" data-settings=\"{&quot;columns&quot;:3,&quot;lazyload&quot;:&quot;yes&quot;,&quot;gallery_layout&quot;:&quot;grid&quot;,&quot;columns_tablet&quot;:2,&quot;columns_mobile&quot;:1,&quot;gap&quot;:{&quot;unit&quot;:&quot;px&quot;,&quot;size&quot;:10,&quot;sizes&quot;:[]},&quot;gap_tablet&quot;:{&quot;unit&quot;:&quot;px&quot;,&quot;size&quot;:10,&quot;sizes&quot;:[]},&quot;gap_mobile&quot;:{&quot;unit&quot;:&quot;px&quot;,&quot;size&quot;:10,&quot;sizes&quot;:[]},&quot;link_to&quot;:&quot;file&quot;,&quot;aspect_ratio&quot;:&quot;3:2&quot;,&quot;overlay_background&quot;:&quot;yes&quot;,&quot;content_hover_animation&quot;:&quot;fade-in&quot;}\" data-widget_type=\"gallery.default\">\n\t\t\t\t<div class=\"elementor-widget-container\">\n\t\t\t\t\t\t\t<div class=\"elementor-gallery__container\">\n\t\t\t\t\t\t\t<a class=\"e-gallery-item elementor-gallery-item elementor-animated-content\" href=\"https:\/\/anastasiahanioti.com\/wp-content\/uploads\/sites\/12\/2020\/02\/Beyond-3.jpg\" data-elementor-open-lightbox=\"yes\" data-elementor-lightbox-slideshow=\"8ae7113\" data-elementor-lightbox-title=\"Beyond-3\" data-e-action-hash=\"#elementor-action%3Aaction%3Dlightbox%26settings%3DeyJpZCI6MjM2MCwidXJsIjoiaHR0cHM6XC9cL2FuYXN0YXNpYWhhbmlvdGkuY29tXC93cC1jb250ZW50XC91cGxvYWRzXC9zaXRlc1wvMTJcLzIwMjBcLzAyXC9CZXlvbmQtMy5qcGciLCJzbGlkZXNob3ciOiI4YWU3MTEzIn0%3D\">\n\t\t\t\t\t<div class=\"e-gallery-image elementor-gallery-item__image\" data-thumbnail=\"https:\/\/anastasiahanioti.com\/wp-content\/uploads\/sites\/12\/2020\/02\/Beyond-3.jpg\" data-width=\"413\" data-height=\"748\" aria-label=\"\" role=\"img\" ><\/div>\n\t\t\t\t\t\t\t\t\t\t\t<div class=\"elementor-gallery-item__overlay\"><\/div>\n\t\t\t\t\t\t\t\t\t\t\t\t\t\t<\/a>\n\t\t\t\t\t\t\t<a class=\"e-gallery-item elementor-gallery-item elementor-animated-content\" href=\"https:\/\/anastasiahanioti.com\/wp-content\/uploads\/sites\/12\/2020\/02\/Beyond-2.jpg\" data-elementor-open-lightbox=\"yes\" data-elementor-lightbox-slideshow=\"8ae7113\" data-elementor-lightbox-title=\"Beyond-2\" data-e-action-hash=\"#elementor-action%3Aaction%3Dlightbox%26settings%3DeyJpZCI6MjM1NiwidXJsIjoiaHR0cHM6XC9cL2FuYXN0YXNpYWhhbmlvdGkuY29tXC93cC1jb250ZW50XC91cGxvYWRzXC9zaXRlc1wvMTJcLzIwMjBcLzAyXC9CZXlvbmQtMi5qcGciLCJzbGlkZXNob3ciOiI4YWU3MTEzIn0%3D\">\n\t\t\t\t\t<div class=\"e-gallery-image elementor-gallery-item__image\" data-thumbnail=\"https:\/\/anastasiahanioti.com\/wp-content\/uploads\/sites\/12\/2020\/02\/Beyond-2-1024x487.jpg\" data-width=\"800\" data-height=\"380\" aria-label=\"\" role=\"img\" ><\/div>\n\t\t\t\t\t\t\t\t\t\t\t<div class=\"elementor-gallery-item__overlay\"><\/div>\n\t\t\t\t\t\t\t\t\t\t\t\t\t\t<\/a>\n\t\t\t\t\t\t\t<a class=\"e-gallery-item elementor-gallery-item elementor-animated-content\" href=\"https:\/\/anastasiahanioti.com\/wp-content\/uploads\/sites\/12\/2020\/02\/Beyond-1.jpg\" data-elementor-open-lightbox=\"yes\" data-elementor-lightbox-slideshow=\"8ae7113\" data-elementor-lightbox-title=\"Beyond-1\" data-e-action-hash=\"#elementor-action%3Aaction%3Dlightbox%26settings%3DeyJpZCI6MjM1MiwidXJsIjoiaHR0cHM6XC9cL2FuYXN0YXNpYWhhbmlvdGkuY29tXC93cC1jb250ZW50XC91cGxvYWRzXC9zaXRlc1wvMTJcLzIwMjBcLzAyXC9CZXlvbmQtMS5qcGciLCJzbGlkZXNob3ciOiI4YWU3MTEzIn0%3D\">\n\t\t\t\t\t<div class=\"e-gallery-image elementor-gallery-item__image\" data-thumbnail=\"https:\/\/anastasiahanioti.com\/wp-content\/uploads\/sites\/12\/2020\/02\/Beyond-1-1024x483.jpg\" data-width=\"800\" data-height=\"377\" aria-label=\"\" role=\"img\" ><\/div>\n\t\t\t\t\t\t\t\t\t\t\t<div class=\"elementor-gallery-item__overlay\"><\/div>\n\t\t\t\t\t\t\t\t\t\t\t\t\t\t<\/a>\n\t\t\t\t\t\t\t<a class=\"e-gallery-item elementor-gallery-item elementor-animated-content\" href=\"https:\/\/anastasiahanioti.com\/wp-content\/uploads\/sites\/12\/2020\/02\/15793_Beyond-11.jpg\" data-elementor-open-lightbox=\"yes\" data-elementor-lightbox-slideshow=\"8ae7113\" data-elementor-lightbox-title=\"15793_Beyond-11\" data-e-action-hash=\"#elementor-action%3Aaction%3Dlightbox%26settings%3DeyJpZCI6MjM0OCwidXJsIjoiaHR0cHM6XC9cL2FuYXN0YXNpYWhhbmlvdGkuY29tXC93cC1jb250ZW50XC91cGxvYWRzXC9zaXRlc1wvMTJcLzIwMjBcLzAyXC8xNTc5M19CZXlvbmQtMTEuanBnIiwic2xpZGVzaG93IjoiOGFlNzExMyJ9\">\n\t\t\t\t\t<div class=\"e-gallery-image elementor-gallery-item__image\" data-thumbnail=\"https:\/\/anastasiahanioti.com\/wp-content\/uploads\/sites\/12\/2020\/02\/15793_Beyond-11.jpg\" data-width=\"800\" data-height=\"533\" aria-label=\"\" role=\"img\" ><\/div>\n\t\t\t\t\t\t\t\t\t\t\t<div class=\"elementor-gallery-item__overlay\"><\/div>\n\t\t\t\t\t\t\t\t\t\t\t\t\t\t<\/a>\n\t\t\t\t\t\t\t<a class=\"e-gallery-item elementor-gallery-item elementor-animated-content\" href=\"https:\/\/anastasiahanioti.com\/wp-content\/uploads\/sites\/12\/2020\/02\/15789_Beyond-7.jpg\" data-elementor-open-lightbox=\"yes\" data-elementor-lightbox-slideshow=\"8ae7113\" data-elementor-lightbox-title=\"15789_Beyond-7\" data-e-action-hash=\"#elementor-action%3Aaction%3Dlightbox%26settings%3DeyJpZCI6MjM0MywidXJsIjoiaHR0cHM6XC9cL2FuYXN0YXNpYWhhbmlvdGkuY29tXC93cC1jb250ZW50XC91cGxvYWRzXC9zaXRlc1wvMTJcLzIwMjBcLzAyXC8xNTc4OV9CZXlvbmQtNy5qcGciLCJzbGlkZXNob3ciOiI4YWU3MTEzIn0%3D\">\n\t\t\t\t\t<div class=\"e-gallery-image elementor-gallery-item__image\" data-thumbnail=\"https:\/\/anastasiahanioti.com\/wp-content\/uploads\/sites\/12\/2020\/02\/15789_Beyond-7.jpg\" data-width=\"720\" data-height=\"540\" aria-label=\"\" role=\"img\" ><\/div>\n\t\t\t\t\t\t\t\t\t\t\t<div class=\"elementor-gallery-item__overlay\"><\/div>\n\t\t\t\t\t\t\t\t\t\t\t\t\t\t<\/a>\n\t\t\t\t\t\t\t<a class=\"e-gallery-item elementor-gallery-item elementor-animated-content\" href=\"https:\/\/anastasiahanioti.com\/wp-content\/uploads\/sites\/12\/2020\/02\/15784_Beyond-2.jpg\" data-elementor-open-lightbox=\"yes\" data-elementor-lightbox-slideshow=\"8ae7113\" data-elementor-lightbox-title=\"15784_Beyond-2\" data-e-action-hash=\"#elementor-action%3Aaction%3Dlightbox%26settings%3DeyJpZCI6MjMzOSwidXJsIjoiaHR0cHM6XC9cL2FuYXN0YXNpYWhhbmlvdGkuY29tXC93cC1jb250ZW50XC91cGxvYWRzXC9zaXRlc1wvMTJcLzIwMjBcLzAyXC8xNTc4NF9CZXlvbmQtMi5qcGciLCJzbGlkZXNob3ciOiI4YWU3MTEzIn0%3D\">\n\t\t\t\t\t<div class=\"e-gallery-image elementor-gallery-item__image\" data-thumbnail=\"https:\/\/anastasiahanioti.com\/wp-content\/uploads\/sites\/12\/2020\/02\/15784_Beyond-2.jpg\" data-width=\"800\" data-height=\"533\" aria-label=\"\" role=\"img\" ><\/div>\n\t\t\t\t\t\t\t\t\t\t\t<div class=\"elementor-gallery-item__overlay\"><\/div>\n\t\t\t\t\t\t\t\t\t\t\t\t\t\t<\/a>\n\t\t\t\t\t<\/div>\n\t\t\t\t\t<\/div>\n\t\t\t\t<\/div>\n\t\t\t\t\t<\/div>\n\t\t<\/div>\n\t\t\t\t\t<\/div>\n\t\t<\/section>\n\t\t\t\t<\/div>\n\t\t","protected":false},"excerpt":{"rendered":"<p>Beyond Imagination Bar in Hanioti https:\/\/www.youtube.com\/watch?v=uBs0d-7RR7Q Auf der ersten Etappe der Chalkidiki in der Gegend von Hanioti, in der Hauptfu\u00dfg\u00e4ngerzone des Dorfes, befindet sich die Beyond Cocktail Bar. Die Beyond Bar bietet gute Musik und ein gutes Nachtleben. Erfrischende Mojitos sind das Markenzeichen der Bar, aber es ist nicht der einzige Cocktail, den man probieren [&hellip;]<\/p>\n","protected":false},"author":1,"featured_media":0,"parent":1924,"menu_order":0,"comment_status":"closed","ping_status":"closed","template":"","meta":{"footnotes":""},"class_list":["post-2366","page","type-page","status-publish","hentry"],"_links":{"self":[{"href":"https:\/\/anastasiahanioti.com\/de\/wp-json\/wp\/v2\/pages\/2366","targetHints":{"allow":["GET"]}}],"collection":[{"href":"https:\/\/anastasiahanioti.com\/de\/wp-json\/wp\/v2\/pages"}],"about":[{"href":"https:\/\/anastasiahanioti.com\/de\/wp-json\/wp\/v2\/types\/page"}],"author":[{"embeddable":true,"href":"https:\/\/anastasiahanioti.com\/de\/wp-json\/wp\/v2\/users\/1"}],"replies":[{"embeddable":true,"href":"https:\/\/anastasiahanioti.com\/de\/wp-json\/wp\/v2\/comments?post=2366"}],"version-history":[{"count":0,"href":"https:\/\/anastasiahanioti.com\/de\/wp-json\/wp\/v2\/pages\/2366\/revisions"}],"up":[{"embeddable":true,"href":"https:\/\/anastasiahanioti.com\/de\/wp-json\/wp\/v2\/pages\/1924"}],"wp:attachment":[{"href":"https:\/\/anastasiahanioti.com\/de\/wp-json\/wp\/v2\/media?parent=2366"}],"curies":[{"name":"wp","href":"https:\/\/api.w.org\/{rel}","templated":true}]}}