{"id":2275,"date":"2020-02-05T14:42:16","date_gmt":"2020-02-05T12:42:16","guid":{"rendered":"https:\/\/anastasiahanioti.com\/datenschutzerklarung-dsgvo\/cookie-politik\/"},"modified":"2020-02-05T14:48:05","modified_gmt":"2020-02-05T12:48:05","slug":"cookie-politik","status":"publish","type":"page","link":"https:\/\/anastasiahanioti.com\/de\/datenschutzpolitik-dsgvo\/cookie-politik\/","title":{"rendered":"Cookie Politik"},"content":{"rendered":"\t\t<div data-elementor-type=\"wp-page\" data-elementor-id=\"2275\" class=\"elementor elementor-2275 elementor-2272\" data-elementor-post-type=\"page\">\n\t\t\t\t\t\t<section class=\"elementor-section elementor-top-section elementor-element elementor-element-73c5254 elementor-section-boxed elementor-section-height-default elementor-section-height-default\" data-id=\"73c5254\" data-element_type=\"section\">\n\t\t\t\t\t\t<div class=\"elementor-container elementor-column-gap-default\">\n\t\t\t\t\t<div class=\"elementor-column elementor-col-100 elementor-top-column elementor-element elementor-element-a2fcec4\" data-id=\"a2fcec4\" data-element_type=\"column\">\n\t\t\t<div class=\"elementor-widget-wrap elementor-element-populated\">\n\t\t\t\t\t\t<div class=\"elementor-element elementor-element-503b490 elementor-widget elementor-widget-text-editor\" data-id=\"503b490\" data-element_type=\"widget\" data-widget_type=\"text-editor.default\">\n\t\t\t\t<div class=\"elementor-widget-container\">\n\t\t\t\t\t\t\t\t\t<h1>Cookie-Politik<\/h1>\n<p><strong>Zuletzt aktualisiert am 16. Januar 2020<\/strong><\/p>\n<p>In dieser Cookie-Richtlinie wird erl\u00e4utert, wie Anastasia Apartments &amp; Suites (&#8222;<strong>Unternehmen<\/strong>&#8222;, &#8222;<strong>wir<\/strong>&#8222;, &#8222;<strong>uns<\/strong>&#8220; und &#8222;<strong>unser<\/strong>&#8222;) Cookies und \u00e4hnliche Technologien verwendet, um Sie beim Besuch unserer Websites unter https:\/\/anastasiahanioti.com wiederzuerkennen. &#8222;Websites&#8220;). Hier erfahren Sie, was diese Technologien sind und warum wir sie verwenden und welche Rechte Sie haben, um ihre Verwendung zu kontrollieren.<br \/>\nIn einigen F\u00e4llen verwenden wir Cookies, um pers\u00f6nliche Informationen zu sammeln, oder diese werden zu pers\u00f6nlichen Informationen, wenn wir sie mit anderen Informationen kombinieren.<\/p>\n<h2>Was sind Cookies?<\/h2>\n<p>Cookies sind kleine Datendateien, die beim Besuch einer Website auf Ihrem Computer oder Mobilger\u00e4t abgelegt werden. Cookies werden von Websitebetreibern h\u00e4ufig verwendet, um die Funktionsf\u00e4higkeit oder Effizienz ihrer Websites zu verbessern und Berichtsinformationen bereitzustellen.<br \/>\nVom Websitebetreiber gesetzte Cookies (in diesem Fall Anastasia Apartments &amp; Suites) werden als &#8222;Erstanbieter-Cookies&#8220; bezeichnet. Von anderen Parteien als dem Eigent\u00fcmer der Website gesetzte Cookies werden als &#8222;Cookies von Dritten&#8220; bezeichnet. Cookies von Drittanbietern erm\u00f6glichen die Bereitstellung von Features oder Funktionen von Drittanbietern auf oder \u00fcber die Website (z. B. Werbung, interaktive Inhalte und Analysen). Die Parteien, die diese Cookies von Drittanbietern setzen, k\u00f6nnen Ihren Computer sowohl beim Besuch der betreffenden Website als auch beim Besuch bestimmter anderer Websites erkennen.<\/p>\n<h2>Warum verwenden wir Cookies?<\/h2>\n<p>Wir verwenden aus mehreren Gr\u00fcnden Erst- und Drittanbieter-Cookies. Einige Cookies sind aus technischen Gr\u00fcnden erforderlich, damit unsere Websites funktionieren. Wir bezeichnen sie als &#8222;wesentliche&#8220; oder &#8222;unbedingt erforderliche&#8220; Cookies. Andere Cookies erm\u00f6glichen es uns auch, die Interessen unserer Benutzer zu verfolgen und zu verfolgen, um das Erlebnis auf unseren Online-Immobilien zu verbessern. Dritte stellen Cookies \u00fcber unsere Websites f\u00fcr Werbe-, Analyse- und andere Zwecke bereit. Dies wird nachstehend ausf\u00fchrlicher beschrieben.<br \/>\nDie spezifischen Arten von Erst- und Drittanbieter-Cookies, die \u00fcber unsere Websites bereitgestellt werden, und deren Zweck werden nachfolgend beschrieben (bitte beachten Sie, dass die spezifischen Cookies, die bereitgestellt werden, abh\u00e4ngig von den von Ihnen besuchten Online-Eigenschaften variieren k\u00f6nnen):<\/p>\n<h2>Wie kann ich Cookies kontrollieren?<\/h2>\n<p>Sie haben das Recht zu entscheiden, ob Sie Cookies akzeptieren oder ablehnen. Sie k\u00f6nnen Ihre Cookie-Rechte aus\u00fcben, indem Sie Ihre Einstellungen im Cookie Consent Manager vornehmen. Mit dem Cookie Consent Manager k\u00f6nnen Sie ausw\u00e4hlen, welche Kategorien von Cookies Sie akzeptieren oder ablehnen. Grundlegende Cookies k\u00f6nnen nicht abgelehnt werden, da sie f\u00fcr die Bereitstellung von Diensten unbedingt erforderlich sind.<br \/>\nDer Cookie Consent Manager befindet sich im Benachrichtigungsbanner und auf unserer Website. Wenn Sie sich daf\u00fcr entscheiden, Cookies abzulehnen, k\u00f6nnen Sie unsere Website dennoch nutzen, obwohl Ihr Zugriff auf einige Funktionen und Bereiche unserer Website eingeschr\u00e4nkt sein kann. Sie k\u00f6nnen auch die Steuerelemente Ihres Webbrowsers so einstellen oder \u00e4ndern, dass Cookies akzeptiert oder abgelehnt werden. Da sich die Mittel, mit denen Sie Cookies \u00fcber die Steuerelemente Ihres Webbrowsers ablehnen k\u00f6nnen, von Browser zu Browser unterscheiden, sollten Sie das Hilfemen\u00fc Ihres Browsers besuchen, um weitere Informationen zu erhalten.<br \/>\nDar\u00fcber hinaus bieten Ihnen die meisten Werbenetzwerke die M\u00f6glichkeit, gezielte Werbung zu deaktivieren. Wenn Sie weitere Informationen ben\u00f6tigen, besuchen Sie bitte http:\/\/www.aboutads.info\/choices\/ oder http:\/\/www.youronlinechoices.com.<br \/>\nDie spezifischen Arten von Erst- und Drittanbieter-Cookies, die \u00fcber unsere Websites bereitgestellt werden, und deren Zweck werden in der folgenden Tabelle beschrieben (bitte beachten Sie, dass die spezifischen Cookies abh\u00e4ngig von den von Ihnen besuchten Online-Eigenschaften variieren k\u00f6nnen):<\/p>\n<h2>Von uns verwendete Cookies<\/h2>\n<p>[render_cookies_list]<\/p>\n<p><a href=\"https:\/\/anastasiahanioti.com\/de\/datenschutzerklarung-dsgvo\/cookies-verwalten\/\">Verwalten Sie Ihre Cookies<\/a><\/p>\n<p>Wie oft werden Sie diese Cookie-Richtlinie aktualisieren?<\/p>\n<h3>Aktualisierungen der Cookie-Richtlinie<\/h3>\n<p>Wir k\u00f6nnen diese Cookie-Richtlinie von Zeit zu Zeit aktualisieren, um beispielsweise \u00c4nderungen an den von uns verwendeten Cookies oder aus anderen betrieblichen, rechtlichen oder beh\u00f6rdlichen Gr\u00fcnden wiederzugeben. Bitte besuchen Sie diese Cookie-Richtlinie daher regelm\u00e4\u00dfig, um \u00fcber die Verwendung von Cookies und verwandten Technologien informiert zu bleiben.<br \/>\nDas Datum oben in dieser Cookie-Richtlinie gibt an, wann sie zuletzt aktualisiert wurde.<\/p>\n<h2>Zus\u00e4tzliche Information<\/h2>\n<p>Wenn Sie Fragen zu unserer Verwendung von Cookies oder anderen Technologien haben, senden Sie uns bitte eine E-Mail an<br \/>\ninfo (at) anastasiahanioti (dot) com oder<br \/>\ndpo (at) anastasiahanioti (dot) com oder<br \/>\nper Post an Anastasia Apartments &amp; Suites Hanioti 63085, Chalkidiki, 63085 Griechenland<\/p>\n\t\t\t\t\t\t\t\t<\/div>\n\t\t\t\t<\/div>\n\t\t\t\t\t<\/div>\n\t\t<\/div>\n\t\t\t\t\t<\/div>\n\t\t<\/section>\n\t\t\t\t<\/div>\n\t\t","protected":false},"excerpt":{"rendered":"<p>Cookie-Politik Zuletzt aktualisiert am 16. Januar 2020 In dieser Cookie-Richtlinie wird erl\u00e4utert, wie Anastasia Apartments &amp; Suites (&#8222;Unternehmen&#8222;, &#8222;wir&#8222;, &#8222;uns&#8220; und &#8222;unser&#8222;) Cookies und \u00e4hnliche Technologien verwendet, um Sie beim Besuch unserer Websites unter https:\/\/anastasiahanioti.com wiederzuerkennen. &#8222;Websites&#8220;). Hier erfahren Sie, was diese Technologien sind und warum wir sie verwenden und welche Rechte Sie haben, um [&hellip;]<\/p>\n","protected":false},"author":1,"featured_media":0,"parent":1926,"menu_order":0,"comment_status":"closed","ping_status":"closed","template":"","meta":{"footnotes":""},"class_list":["post-2275","page","type-page","status-publish","hentry"],"_links":{"self":[{"href":"https:\/\/anastasiahanioti.com\/de\/wp-json\/wp\/v2\/pages\/2275","targetHints":{"allow":["GET"]}}],"collection":[{"href":"https:\/\/anastasiahanioti.com\/de\/wp-json\/wp\/v2\/pages"}],"about":[{"href":"https:\/\/anastasiahanioti.com\/de\/wp-json\/wp\/v2\/types\/page"}],"author":[{"embeddable":true,"href":"https:\/\/anastasiahanioti.com\/de\/wp-json\/wp\/v2\/users\/1"}],"replies":[{"embeddable":true,"href":"https:\/\/anastasiahanioti.com\/de\/wp-json\/wp\/v2\/comments?post=2275"}],"version-history":[{"count":0,"href":"https:\/\/anastasiahanioti.com\/de\/wp-json\/wp\/v2\/pages\/2275\/revisions"}],"up":[{"embeddable":true,"href":"https:\/\/anastasiahanioti.com\/de\/wp-json\/wp\/v2\/pages\/1926"}],"wp:attachment":[{"href":"https:\/\/anastasiahanioti.com\/de\/wp-json\/wp\/v2\/media?parent=2275"}],"curies":[{"name":"wp","href":"https:\/\/api.w.org\/{rel}","templated":true}]}}