{"id":1924,"date":"2020-01-24T12:40:07","date_gmt":"2020-01-24T10:40:07","guid":{"rendered":"https:\/\/anastasiahanioti.com\/ziel\/"},"modified":"2020-03-04T14:56:24","modified_gmt":"2020-03-04T12:56:24","slug":"ziel","status":"publish","type":"page","link":"https:\/\/anastasiahanioti.com\/de\/ziel\/","title":{"rendered":"Ziel"},"content":{"rendered":"\t\t<div data-elementor-type=\"wp-post\" data-elementor-id=\"1924\" class=\"elementor elementor-1924 elementor-256\" data-elementor-post-type=\"page\">\n\t\t\t\t\t\t<section class=\"elementor-section elementor-inner-section elementor-element elementor-element-7ef71420 elementor-section-content-middle elementor-section-height-min-height elementor-section-boxed elementor-section-height-default\" data-id=\"7ef71420\" data-element_type=\"section\" data-settings=\"{&quot;background_background&quot;:&quot;classic&quot;}\">\n\t\t\t\t\t\t<div class=\"elementor-container elementor-column-gap-no\">\n\t\t\t\t\t<div class=\"elementor-column elementor-col-100 elementor-inner-column elementor-element elementor-element-3aa1e552 elementor-invisible\" data-id=\"3aa1e552\" data-element_type=\"column\" data-settings=\"{&quot;animation&quot;:&quot;fadeIn&quot;}\">\n\t\t\t<div class=\"elementor-widget-wrap elementor-element-populated\">\n\t\t\t\t\t\t<div class=\"elementor-element elementor-element-2099e25a elementor-invisible elementor-widget elementor-widget-heading\" data-id=\"2099e25a\" data-element_type=\"widget\" data-settings=\"{&quot;_animation&quot;:&quot;fadeInUp&quot;}\" data-widget_type=\"heading.default\">\n\t\t\t\t<div class=\"elementor-widget-container\">\n\t\t\t\t\t<h2 class=\"elementor-heading-title elementor-size-default\">Ihre Ferien in Hanioti<\/h2>\t\t\t\t<\/div>\n\t\t\t\t<\/div>\n\t\t\t\t<div class=\"elementor-element elementor-element-7be5ae03 elementor-widget-divider--view-line elementor-widget elementor-widget-divider\" data-id=\"7be5ae03\" data-element_type=\"widget\" data-widget_type=\"divider.default\">\n\t\t\t\t<div class=\"elementor-widget-container\">\n\t\t\t\t\t\t\t<div class=\"elementor-divider\">\n\t\t\t<span class=\"elementor-divider-separator\">\n\t\t\t\t\t\t<\/span>\n\t\t<\/div>\n\t\t\t\t\t\t<\/div>\n\t\t\t\t<\/div>\n\t\t\t\t\t<\/div>\n\t\t<\/div>\n\t\t\t\t\t<\/div>\n\t\t<\/section>\n\t\t\t\t<section class=\"elementor-section elementor-top-section elementor-element elementor-element-3ad5cf85 elementor-section-boxed elementor-section-height-default elementor-section-height-default\" data-id=\"3ad5cf85\" data-element_type=\"section\" data-settings=\"{&quot;background_background&quot;:&quot;classic&quot;}\">\n\t\t\t\t\t\t<div class=\"elementor-container elementor-column-gap-default\">\n\t\t\t\t\t<div class=\"elementor-column elementor-col-50 elementor-top-column elementor-element elementor-element-20e5e8b0\" data-id=\"20e5e8b0\" data-element_type=\"column\">\n\t\t\t<div class=\"elementor-widget-wrap elementor-element-populated\">\n\t\t\t\t\t\t<div class=\"elementor-element elementor-element-39ec51f1 hotel-tmpl-titles elementor-widget elementor-widget-heading\" data-id=\"39ec51f1\" data-element_type=\"widget\" data-widget_type=\"heading.default\">\n\t\t\t\t<div class=\"elementor-widget-container\">\n\t\t\t\t\t<h2 class=\"elementor-heading-title elementor-size-default\"><em> Unser <\/em> Ziel<\/h2>\t\t\t\t<\/div>\n\t\t\t\t<\/div>\n\t\t\t\t\t<\/div>\n\t\t<\/div>\n\t\t\t\t<div class=\"elementor-column elementor-col-50 elementor-top-column elementor-element elementor-element-59c552d0\" data-id=\"59c552d0\" data-element_type=\"column\">\n\t\t\t<div class=\"elementor-widget-wrap elementor-element-populated\">\n\t\t\t\t\t\t<div class=\"elementor-element elementor-element-2f785c23 elementor-invisible elementor-widget elementor-widget-text-editor\" data-id=\"2f785c23\" data-element_type=\"widget\" data-settings=\"{&quot;_animation&quot;:&quot;fadeIn&quot;}\" data-widget_type=\"text-editor.default\">\n\t\t\t\t<div class=\"elementor-widget-container\">\n\t\t\t\t\t\t\t\t\t<p>Das <a href=\"\/de\/\">Anastasia Hotel<\/a> ist 90 km vom Flughafen Thessaloniki in Mazedonien entfernt. <strong>Hanioti<\/strong> befindet sich in der idealen Lage von <strong>Chalkidiki<\/strong>, da es Zugang zu wundersch\u00f6nen Str\u00e4nden, Wildtieren, Freizeitaktivit\u00e4ten und Thermalb\u00e4dern in unmittelbarer N\u00e4he bietet.<\/p>\t\t\t\t\t\t\t\t<\/div>\n\t\t\t\t<\/div>\n\t\t\t\t\t<\/div>\n\t\t<\/div>\n\t\t\t\t\t<\/div>\n\t\t<\/section>\n\t\t\t\t<section class=\"elementor-section elementor-top-section elementor-element elementor-element-4ed7d67a elementor-section-content-middle elementor-section-boxed elementor-section-height-default elementor-section-height-default\" data-id=\"4ed7d67a\" data-element_type=\"section\">\n\t\t\t\t\t\t<div class=\"elementor-container elementor-column-gap-no\">\n\t\t\t\t\t<div class=\"elementor-column elementor-col-100 elementor-top-column elementor-element elementor-element-9ee8e87\" data-id=\"9ee8e87\" data-element_type=\"column\">\n\t\t\t<div class=\"elementor-widget-wrap elementor-element-populated\">\n\t\t\t\t\t\t<section class=\"elementor-section elementor-inner-section elementor-element elementor-element-7031b20 elementor-section-boxed elementor-section-height-default elementor-section-height-default\" data-id=\"7031b20\" data-element_type=\"section\">\n\t\t\t\t\t\t<div class=\"elementor-container elementor-column-gap-default\">\n\t\t\t\t\t<div class=\"elementor-column elementor-col-50 elementor-inner-column elementor-element elementor-element-381114c\" data-id=\"381114c\" data-element_type=\"column\">\n\t\t\t<div class=\"elementor-widget-wrap elementor-element-populated\">\n\t\t\t\t\t\t<div class=\"elementor-element elementor-element-f869a94 elementor-widget elementor-widget-image\" data-id=\"f869a94\" data-element_type=\"widget\" data-widget_type=\"image.default\">\n\t\t\t\t<div class=\"elementor-widget-container\">\n\t\t\t\t\t\t\t\t\t\t\t\t\t\t\t<img fetchpriority=\"high\" decoding=\"async\" width=\"800\" height=\"800\" src=\"https:\/\/anastasiahanioti.com\/wp-content\/uploads\/sites\/12\/2019\/05\/Chanioti_1-1024x1024.jpg\" class=\"attachment-large size-large wp-image-1378\" alt=\"\" srcset=\"https:\/\/anastasiahanioti.com\/wp-content\/uploads\/sites\/12\/2019\/05\/Chanioti_1-1024x1024.jpg 1024w, https:\/\/anastasiahanioti.com\/wp-content\/uploads\/sites\/12\/2019\/05\/Chanioti_1-150x150.jpg 150w, https:\/\/anastasiahanioti.com\/wp-content\/uploads\/sites\/12\/2019\/05\/Chanioti_1-300x300.jpg 300w, https:\/\/anastasiahanioti.com\/wp-content\/uploads\/sites\/12\/2019\/05\/Chanioti_1-768x768.jpg 768w, https:\/\/anastasiahanioti.com\/wp-content\/uploads\/sites\/12\/2019\/05\/Chanioti_1.jpg 1080w\" sizes=\"(max-width: 800px) 100vw, 800px\" \/>\t\t\t\t\t\t\t\t\t\t\t\t\t\t\t<\/div>\n\t\t\t\t<\/div>\n\t\t\t\t\t<\/div>\n\t\t<\/div>\n\t\t\t\t<div class=\"elementor-column elementor-col-50 elementor-inner-column elementor-element elementor-element-d646d13\" data-id=\"d646d13\" data-element_type=\"column\">\n\t\t\t<div class=\"elementor-widget-wrap elementor-element-populated\">\n\t\t\t\t\t\t<div class=\"elementor-element elementor-element-34b31da1 animated-fast elementor-invisible elementor-widget elementor-widget-heading\" data-id=\"34b31da1\" data-element_type=\"widget\" data-settings=\"{&quot;_animation&quot;:&quot;fadeInDown&quot;,&quot;_animation_delay&quot;:300}\" data-widget_type=\"heading.default\">\n\t\t\t\t<div class=\"elementor-widget-container\">\n\t\t\t\t\t<h3 class=\"elementor-heading-title elementor-size-default\">Apartments mit besonderer Note.<\/h3>\t\t\t\t<\/div>\n\t\t\t\t<\/div>\n\t\t\t\t<div class=\"elementor-element elementor-element-7884206 elementor-widget-divider--view-line elementor-widget elementor-widget-divider\" data-id=\"7884206\" data-element_type=\"widget\" data-widget_type=\"divider.default\">\n\t\t\t\t<div class=\"elementor-widget-container\">\n\t\t\t\t\t\t\t<div class=\"elementor-divider\">\n\t\t\t<span class=\"elementor-divider-separator\">\n\t\t\t\t\t\t<\/span>\n\t\t<\/div>\n\t\t\t\t\t\t<\/div>\n\t\t\t\t<\/div>\n\t\t\t\t<div class=\"elementor-element elementor-element-89cf9ec elementor-widget elementor-widget-text-editor\" data-id=\"89cf9ec\" data-element_type=\"widget\" data-widget_type=\"text-editor.default\">\n\t\t\t\t<div class=\"elementor-widget-container\">\n\t\t\t\t\t\t\t\t\t<p>Im Osten gibt es also <a href=\"\/de\/anastasia-apartments-hanioti\/\">Pefkochori<\/a> und etwas weiter <a href=\"\/de\/\">Paliouri<\/a>, eine Region mit einzigartigen Str\u00e4nden und vielen Strandbars, die Kaffee, Getr\u00e4nke und Cocktails anbieten. Im Umkreis von 13 km finden Sie <a href=\"\/de\/\">Agia Paraskevi<\/a>, wo Sie das hochmoderne Hydrotherapiezentrum mit Heilwasserquellen besuchen k\u00f6nnen, das sich auf den Felsen befindet und Aussicht auf die \u00c4g\u00e4is bietet. Nutzen Sie diese Gelegenheit und beleben Sie K\u00f6rper und Geist mit den heilenden Eigenschaften dieser chemischen Elemente. Im Westen k\u00f6nnen Sie auch andere sch\u00f6ne Orte besuchen, wie <a href=\"\/de\/anastasia-apartments-hanioti\/\">Polichrono<\/a>, <a href=\"\/de\/\">Kryopigi<\/a>, <a href=\"\/de\/\">Kallithea<\/a>, eine Region voller Leben mit intensivem Nachtleben, <a href=\"\/de\/\">Athitos<\/a>, bekannt f\u00fcr seine malerischen und aus Stein gebauten Villen und Sani mit der beeindruckenden Natur. Jede Region kann auf ihre Weise jeden Geschmack befriedigen.<\/p>\t\t\t\t\t\t\t\t<\/div>\n\t\t\t\t<\/div>\n\t\t\t\t\t<\/div>\n\t\t<\/div>\n\t\t\t\t\t<\/div>\n\t\t<\/section>\n\t\t\t\t<div class=\"elementor-element elementor-element-2de5179 elementor-widget elementor-widget-text-editor\" data-id=\"2de5179\" data-element_type=\"widget\" data-widget_type=\"text-editor.default\">\n\t\t\t\t<div class=\"elementor-widget-container\">\n\t\t\t\t\t\t\t\t\t<p>F\u00fcr alles, was Sie brauchen, gibt es im Zentrum der Gegend traditionelle Tavernen, gute Restaurants, Superm\u00e4rkte, B\u00e4ckereien, Gesch\u00e4fte verschiedener Art, Gesundheitszentren und andere n\u00fctzliche Dienstleistungen. Zweifellos ist Hanioti der richtige Ort f\u00fcr Ferien f\u00fcr Freunde, Paare und nat\u00fcrlich f\u00fcr Familien mit Kindern.<\/p>\n\t\t\t\t\t\t\t\t<\/div>\n\t\t\t\t<\/div>\n\t\t\t\t\t<\/div>\n\t\t<\/div>\n\t\t\t\t\t<\/div>\n\t\t<\/section>\n\t\t\t\t<section class=\"elementor-section elementor-top-section elementor-element elementor-element-616f6c45 elementor-reverse-mobile elementor-section-boxed elementor-section-height-default elementor-section-height-default\" data-id=\"616f6c45\" data-element_type=\"section\" data-settings=\"{&quot;background_background&quot;:&quot;classic&quot;}\">\n\t\t\t\t\t\t<div class=\"elementor-container elementor-column-gap-default\">\n\t\t\t\t\t<div class=\"elementor-column elementor-col-50 elementor-top-column elementor-element elementor-element-161080b4 animated-fast elementor-invisible\" data-id=\"161080b4\" data-element_type=\"column\" data-settings=\"{&quot;background_background&quot;:&quot;classic&quot;,&quot;animation&quot;:&quot;fadeInLeft&quot;}\">\n\t\t\t<div class=\"elementor-widget-wrap\">\n\t\t\t\t\t\t\t<\/div>\n\t\t<\/div>\n\t\t\t\t<div class=\"elementor-column elementor-col-50 elementor-top-column elementor-element elementor-element-e34cf36 animated-fast elementor-invisible\" data-id=\"e34cf36\" data-element_type=\"column\" data-settings=\"{&quot;animation&quot;:&quot;fadeInRight&quot;}\">\n\t\t\t<div class=\"elementor-widget-wrap elementor-element-populated\">\n\t\t\t\t\t\t<section class=\"elementor-section elementor-inner-section elementor-element elementor-element-107615e elementor-section-boxed elementor-section-height-default elementor-section-height-default\" data-id=\"107615e\" data-element_type=\"section\" data-settings=\"{&quot;background_background&quot;:&quot;classic&quot;}\">\n\t\t\t\t\t\t<div class=\"elementor-container elementor-column-gap-default\">\n\t\t\t\t\t<div class=\"elementor-column elementor-col-100 elementor-inner-column elementor-element elementor-element-3306cd8\" data-id=\"3306cd8\" data-element_type=\"column\">\n\t\t\t<div class=\"elementor-widget-wrap elementor-element-populated\">\n\t\t\t\t\t\t<div class=\"elementor-element elementor-element-839d234 elementor-widget elementor-widget-text-editor\" data-id=\"839d234\" data-element_type=\"widget\" data-widget_type=\"text-editor.default\">\n\t\t\t\t<div class=\"elementor-widget-container\">\n\t\t\t\t\t\t\t\t\t<p>Nutzen Sie die M\u00f6glichkeiten der Region f\u00fcr viele interessante Aktivit\u00e4ten mit Ihrem Unternehmen. Am Morgen k\u00f6nnen Sie mit dem Tauchen beginnen, um die Meeressch\u00e4tze und die uralten Unterwasserfunde zu entdecken, mit einem Segelboot oder einer Yacht segeln und im Allgemeinen mit jeder anderen Art von Wassersport, der Sie mit einem Adrenalinsto\u00df erf\u00fcllen wird. Fahren Sie mit dem Kart oder spielen Sie Golf und Computerspiele.<\/p>\n<p>Lernen Sie am Nachmittag die bezaubernde Kultur der Chalkidiki bei einem Besuch des Folklore-Museums von Agia Paraskevi kennen und lassen Sie den Tag mit einem k\u00fchlen Cocktail am Strand ausklingen, der die Melodien der Stra\u00dfenmusiker begeistert.<\/p>\n\t\t\t\t\t\t\t\t<\/div>\n\t\t\t\t<\/div>\n\t\t\t\t<div class=\"elementor-element elementor-element-47d0c1e elementor-align-center elementor-widget elementor-widget-button\" data-id=\"47d0c1e\" data-element_type=\"widget\" data-widget_type=\"button.default\">\n\t\t\t\t<div class=\"elementor-widget-container\">\n\t\t\t\t\t\t\t\t\t<div class=\"elementor-button-wrapper\">\n\t\t\t\t\t<a class=\"elementor-button elementor-button-link elementor-size-lg\" href=\"\/de\/kontakt\/\">\n\t\t\t\t\t\t<span class=\"elementor-button-content-wrapper\">\n\t\t\t\t\t\t<span class=\"elementor-button-icon\">\n\t\t\t\t<i aria-hidden=\"true\" class=\"fas fa-angle-right\"><\/i>\t\t\t<\/span>\n\t\t\t\t\t\t\t\t\t<span class=\"elementor-button-text\">Buchen Sie jetzt<\/span>\n\t\t\t\t\t<\/span>\n\t\t\t\t\t<\/a>\n\t\t\t\t<\/div>\n\t\t\t\t\t\t\t\t<\/div>\n\t\t\t\t<\/div>\n\t\t\t\t\t<\/div>\n\t\t<\/div>\n\t\t\t\t\t<\/div>\n\t\t<\/section>\n\t\t\t\t\t<\/div>\n\t\t<\/div>\n\t\t\t\t\t<\/div>\n\t\t<\/section>\n\t\t\t\t<\/div>\n\t\t","protected":false},"excerpt":{"rendered":"<p>Ihre Ferien in Hanioti Unser Ziel Das Anastasia Hotel ist 90 km vom Flughafen Thessaloniki in Mazedonien entfernt. Hanioti befindet sich in der idealen Lage von Chalkidiki, da es Zugang zu wundersch\u00f6nen Str\u00e4nden, Wildtieren, Freizeitaktivit\u00e4ten und Thermalb\u00e4dern in unmittelbarer N\u00e4he bietet. Apartments mit besonderer Note. Im Osten gibt es also Pefkochori und etwas weiter Paliouri, [&hellip;]<\/p>\n","protected":false},"author":1,"featured_media":0,"parent":0,"menu_order":0,"comment_status":"closed","ping_status":"closed","template":"","meta":{"footnotes":""},"class_list":["post-1924","page","type-page","status-publish","hentry"],"_links":{"self":[{"href":"https:\/\/anastasiahanioti.com\/de\/wp-json\/wp\/v2\/pages\/1924","targetHints":{"allow":["GET"]}}],"collection":[{"href":"https:\/\/anastasiahanioti.com\/de\/wp-json\/wp\/v2\/pages"}],"about":[{"href":"https:\/\/anastasiahanioti.com\/de\/wp-json\/wp\/v2\/types\/page"}],"author":[{"embeddable":true,"href":"https:\/\/anastasiahanioti.com\/de\/wp-json\/wp\/v2\/users\/1"}],"replies":[{"embeddable":true,"href":"https:\/\/anastasiahanioti.com\/de\/wp-json\/wp\/v2\/comments?post=1924"}],"version-history":[{"count":0,"href":"https:\/\/anastasiahanioti.com\/de\/wp-json\/wp\/v2\/pages\/1924\/revisions"}],"wp:attachment":[{"href":"https:\/\/anastasiahanioti.com\/de\/wp-json\/wp\/v2\/media?parent=1924"}],"curies":[{"name":"wp","href":"https:\/\/api.w.org\/{rel}","templated":true}]}}